{"id":621,"date":"2017-03-21T11:48:08","date_gmt":"2017-03-21T10:48:08","guid":{"rendered":"http:\/\/districlass.com\/produits\/paincath\/"},"modified":"2026-03-23T09:44:33","modified_gmt":"2026-03-23T08:44:33","slug":"paincath","status":"publish","type":"page","link":"https:\/\/districlass.com\/en\/produits\/paincath\/","title":{"rendered":"Paincath"},"content":{"rendered":"","protected":false},"excerpt":{"rendered":"","protected":false},"author":1,"featured_media":0,"parent":601,"menu_order":3,"comment_status":"closed","ping_status":"closed","template":"views\/page-gamme.blade.php","meta":{"_acf_changed":false,"inline_featured_image":false,"footnotes":""},"class_list":["post-621","page","type-page","status-publish","hentry"],"acf":[],"yoast_head":"<!-- This site is optimized with the Yoast SEO plugin v27.3 - https:\/\/yoast.com\/product\/yoast-seo-wordpress\/ -->\n<title>Profilis PaincAth\u00ae - Cath\u00e9ter Multiperfor\u00e9<\/title>\n<meta name=\"description\" content=\"Le Profilis PaincAth\u00ae permet la diffusion in situ en post-op\u00e9ratoire de m\u00e9dicament analg\u00e9sique pour le traitement temporaire de la douleur en chirurgie.\" \/>\n<meta name=\"robots\" content=\"index, follow, max-snippet:-1, max-image-preview:large, max-video-preview:-1\" \/>\n<link rel=\"canonical\" href=\"https:\/\/districlass.com\/en\/produits\/paincath\/\" \/>\n<meta property=\"og:locale\" content=\"en_US\" \/>\n<meta property=\"og:type\" content=\"article\" \/>\n<meta property=\"og:title\" content=\"Profilis PaincAth\u00ae - Cath\u00e9ter Multiperfor\u00e9\" \/>\n<meta property=\"og:description\" content=\"Le Profilis PaincAth\u00ae permet la diffusion in situ en post-op\u00e9ratoire de m\u00e9dicament analg\u00e9sique pour le traitement temporaire de la douleur en chirurgie.\" \/>\n<meta property=\"og:url\" content=\"https:\/\/districlass.com\/en\/produits\/paincath\/\" \/>\n<meta property=\"og:site_name\" content=\"Districlass M\u00e9dical\" \/>\n<meta property=\"article:modified_time\" content=\"2026-03-23T08:44:33+00:00\" \/>\n<meta name=\"twitter:card\" content=\"summary_large_image\" \/>\n<script type=\"application\/ld+json\" class=\"yoast-schema-graph\">{\"@context\":\"https:\\\/\\\/schema.org\",\"@graph\":[{\"@type\":\"WebPage\",\"@id\":\"https:\\\/\\\/districlass.com\\\/en\\\/produits\\\/paincath\\\/\",\"url\":\"https:\\\/\\\/districlass.com\\\/en\\\/produits\\\/paincath\\\/\",\"name\":\"Profilis PaincAth\u00ae - Cath\u00e9ter Multiperfor\u00e9\",\"isPartOf\":{\"@id\":\"https:\\\/\\\/districlass.com\\\/#website\"},\"datePublished\":\"2017-03-21T10:48:08+00:00\",\"dateModified\":\"2026-03-23T08:44:33+00:00\",\"description\":\"Le Profilis PaincAth\u00ae permet la diffusion in situ en post-op\u00e9ratoire de m\u00e9dicament analg\u00e9sique pour le traitement temporaire de la douleur en chirurgie.\",\"breadcrumb\":{\"@id\":\"https:\\\/\\\/districlass.com\\\/en\\\/produits\\\/paincath\\\/#breadcrumb\"},\"inLanguage\":\"en-US\",\"potentialAction\":[{\"@type\":\"ReadAction\",\"target\":[\"https:\\\/\\\/districlass.com\\\/en\\\/produits\\\/paincath\\\/\"]}]},{\"@type\":\"BreadcrumbList\",\"@id\":\"https:\\\/\\\/districlass.com\\\/en\\\/produits\\\/paincath\\\/#breadcrumb\",\"itemListElement\":[{\"@type\":\"ListItem\",\"position\":1,\"name\":\"Accueil\",\"item\":\"https:\\\/\\\/districlass.com\\\/en\\\/\"},{\"@type\":\"ListItem\",\"position\":2,\"name\":\"Products\",\"item\":\"https:\\\/\\\/districlass.com\\\/en\\\/produits\\\/\"},{\"@type\":\"ListItem\",\"position\":3,\"name\":\"Paincath\"}]},{\"@type\":\"WebSite\",\"@id\":\"https:\\\/\\\/districlass.com\\\/#website\",\"url\":\"https:\\\/\\\/districlass.com\\\/\",\"name\":\"Districlass M\u00e9dical\",\"description\":\"L&#039;exp\u00e9rience au service de la sant\u00e9\",\"potentialAction\":[{\"@type\":\"SearchAction\",\"target\":{\"@type\":\"EntryPoint\",\"urlTemplate\":\"https:\\\/\\\/districlass.com\\\/?s={search_term_string}\"},\"query-input\":{\"@type\":\"PropertyValueSpecification\",\"valueRequired\":true,\"valueName\":\"search_term_string\"}}],\"inLanguage\":\"en-US\"}]}<\/script>\n<!-- \/ Yoast SEO plugin. -->","yoast_head_json":{"title":"Profilis PaincAth\u00ae - Cath\u00e9ter Multiperfor\u00e9","description":"Le Profilis PaincAth\u00ae permet la diffusion in situ en post-op\u00e9ratoire de m\u00e9dicament analg\u00e9sique pour le traitement temporaire de la douleur en chirurgie.","robots":{"index":"index","follow":"follow","max-snippet":"max-snippet:-1","max-image-preview":"max-image-preview:large","max-video-preview":"max-video-preview:-1"},"canonical":"https:\/\/districlass.com\/en\/produits\/paincath\/","og_locale":"en_US","og_type":"article","og_title":"Profilis PaincAth\u00ae - Cath\u00e9ter Multiperfor\u00e9","og_description":"Le Profilis PaincAth\u00ae permet la diffusion in situ en post-op\u00e9ratoire de m\u00e9dicament analg\u00e9sique pour le traitement temporaire de la douleur en chirurgie.","og_url":"https:\/\/districlass.com\/en\/produits\/paincath\/","og_site_name":"Districlass M\u00e9dical","article_modified_time":"2026-03-23T08:44:33+00:00","twitter_card":"summary_large_image","schema":{"@context":"https:\/\/schema.org","@graph":[{"@type":"WebPage","@id":"https:\/\/districlass.com\/en\/produits\/paincath\/","url":"https:\/\/districlass.com\/en\/produits\/paincath\/","name":"Profilis PaincAth\u00ae - Cath\u00e9ter Multiperfor\u00e9","isPartOf":{"@id":"https:\/\/districlass.com\/#website"},"datePublished":"2017-03-21T10:48:08+00:00","dateModified":"2026-03-23T08:44:33+00:00","description":"Le Profilis PaincAth\u00ae permet la diffusion in situ en post-op\u00e9ratoire de m\u00e9dicament analg\u00e9sique pour le traitement temporaire de la douleur en chirurgie.","breadcrumb":{"@id":"https:\/\/districlass.com\/en\/produits\/paincath\/#breadcrumb"},"inLanguage":"en-US","potentialAction":[{"@type":"ReadAction","target":["https:\/\/districlass.com\/en\/produits\/paincath\/"]}]},{"@type":"BreadcrumbList","@id":"https:\/\/districlass.com\/en\/produits\/paincath\/#breadcrumb","itemListElement":[{"@type":"ListItem","position":1,"name":"Accueil","item":"https:\/\/districlass.com\/en\/"},{"@type":"ListItem","position":2,"name":"Products","item":"https:\/\/districlass.com\/en\/produits\/"},{"@type":"ListItem","position":3,"name":"Paincath"}]},{"@type":"WebSite","@id":"https:\/\/districlass.com\/#website","url":"https:\/\/districlass.com\/","name":"Districlass M\u00e9dical","description":"L&#039;exp\u00e9rience au service de la sant\u00e9","potentialAction":[{"@type":"SearchAction","target":{"@type":"EntryPoint","urlTemplate":"https:\/\/districlass.com\/?s={search_term_string}"},"query-input":{"@type":"PropertyValueSpecification","valueRequired":true,"valueName":"search_term_string"}}],"inLanguage":"en-US"}]}},"_links":{"self":[{"href":"https:\/\/districlass.com\/en\/wp-json\/wp\/v2\/pages\/621","targetHints":{"allow":["GET"]}}],"collection":[{"href":"https:\/\/districlass.com\/en\/wp-json\/wp\/v2\/pages"}],"about":[{"href":"https:\/\/districlass.com\/en\/wp-json\/wp\/v2\/types\/page"}],"author":[{"embeddable":true,"href":"https:\/\/districlass.com\/en\/wp-json\/wp\/v2\/users\/1"}],"replies":[{"embeddable":true,"href":"https:\/\/districlass.com\/en\/wp-json\/wp\/v2\/comments?post=621"}],"version-history":[{"count":6,"href":"https:\/\/districlass.com\/en\/wp-json\/wp\/v2\/pages\/621\/revisions"}],"predecessor-version":[{"id":1228,"href":"https:\/\/districlass.com\/en\/wp-json\/wp\/v2\/pages\/621\/revisions\/1228"}],"up":[{"embeddable":true,"href":"https:\/\/districlass.com\/en\/wp-json\/wp\/v2\/pages\/601"}],"wp:attachment":[{"href":"https:\/\/districlass.com\/en\/wp-json\/wp\/v2\/media?parent=621"}],"curies":[{"name":"wp","href":"https:\/\/api.w.org\/{rel}","templated":true}]}}