{"id":664,"date":"2017-02-23T16:23:15","date_gmt":"2017-02-23T15:23:15","guid":{"rendered":"http:\/\/districlass.com\/mentions-legales\/"},"modified":"2017-06-06T15:58:47","modified_gmt":"2017-06-06T13:58:47","slug":"mentions-legales","status":"publish","type":"page","link":"https:\/\/districlass.com\/en\/mentions-legales\/","title":{"rendered":"Mentions l\u00e9gales"},"content":{"rendered":"<h2>Mentions l\u00e9gales<\/h2>\n<p>Merci de lire avec attention les diff\u00e9rentes modalit\u00e9s d\u00b9utilisation du<br \/>\npr\u00e9sent site avant d\u00b9y parcourir ses pages. En vous connectant sur ce<br \/>\nsite, vous acceptez sans r\u00e9serves les pr\u00e9sentes modalit\u00e9s. Aussi,<br \/>\nconform\u00e9ment \u00e0 l\u00b9article n\u00b06 de la Loi n\u00b02004-575 du 21 Juin 2004 pour la<br \/>\nconfiance dans l\u00b9\u00e9conomie num\u00e9rique, les responsables du pr\u00e9sent site<br \/>\ninternet <a href=\"http:\/\/www.districlass.com\">www.districlass.com<\/a><br \/>\nsont :<\/p>\n<h3 style=\"color: #b51a00;\"><span style=\"color: #000000;\"><b>Editeur<br \/>\ndu Site : <\/b><\/span><\/h3>\n<p>Districlass M\u00e9dical<br \/>\nNum\u00e9ro de SIRET : 327 335 311 00038<br \/>\nResponsable editorial : Marine DEVILLERS<br \/>\n110 All\u00e9e Louis L\u00e9pine 69970 Chaponnay<br \/>\nT\u00e9l\u00e9phone :0472504375 &#8211; Fax : 0472504367<br \/>\nEmail : districlass@districlass.com<br \/>\nSite Web : <a href=\"http:\/\/www.districlass.com\">www.districlass.com<\/a><\/p>\n<h3 style=\"color: #b51a00;\"><b><span style=\"color: #000000;\">H\u00e9bergement :<\/span> <\/b><\/h3>\n<p>H\u00e9bergeur : Pamplemousse Communication<br \/>\n84 quai Gillet 69004 LYON<br \/>\nSite Web : <a href=\"http:\/\/www.pamplemousse.com\">www.pamplemousse.com<\/a><\/p>\n<h3 style=\"color: #b51a00;\"><span style=\"color: #000000;\"><b>D\u00e9veloppement<\/b><b> : <\/b><\/span><\/h3>\n<p>Pamplemousse Communication<br \/>\nAdresse : 84 quai Gillet 69004 LYON<br \/>\nSite Web : <a href=\"http:\/\/www.pamplemousse.com\">www.pamplemousse.com<\/a><\/p>\n<h3 style=\"color: #b51a00;\"><span style=\"color: #000000;\"><b>Conditions d\u00b9utilisation : <\/b><\/span><\/h3>\n<p>Ce site (<a href=\"http:\/\/www.districlass.com\">www.districlass.com<\/a>)<br \/>\nest propos\u00e9 en diff\u00e9rents langages web (HTML, HTML5, Javascript, CSS,<br \/>\netc&#8230;) pour un meilleur confort d&#8217;utilisation et un graphisme plus<br \/>\nagr\u00e9able, nous vous recommandons de recourir \u00e0 des navigateurs modernes<br \/>\ncomme Internet explorer, Safari, Firefox, Google Chrome, etc&#8230;<br \/>\nLes mentions l\u00e9gales ont \u00e9t\u00e9 g\u00e9n\u00e9r\u00e9es sur le site <a title=\"g\u00e9n\u00e9rateur de mentions l\u00e9gales pour site internet gratuit\" href=\"http:\/\/www.generateur-de-mentions-legales.com\">G\u00e9n\u00e9rateur de<br \/>\nmentions l\u00e9gales<\/a>, offert par <a title=\"imprimerie paris, imprimeur paris\" href=\"http:\/\/welye.com\">Welye<\/a>.<\/p>\n<p><span style=\"color: #323333;\"><strong>Districlass M\u00e9dical<\/strong><b> <\/b><\/span>met en<br \/>\n\u0153uvre tous les moyens dont elle dispose, pour assurer une information<br \/>\nfiable et une mise \u00e0 jour fiable de ses sites internet. Toutefois, des<br \/>\nerreurs ou omissions peuvent survenir. L&#8217;internaute devra donc s&#8217;assurer<br \/>\nde l&#8217;exactitude des informations aupr\u00e8s de , et signaler toutes<br \/>\nmodifications du site qu&#8217;il jugerait utile. n&#8217;est en aucun cas<br \/>\nresponsable de l&#8217;utilisation faite de ces informations, et de tout<br \/>\npr\u00e9judice direct ou indirect pouvant en d\u00e9couler.<\/p>\n<h3><span style=\"color: #000000;\"><strong>Cookies :<\/strong> <\/span><\/h3>\n<p>Le site <a href=\"http:\/\/www.districlass.com\">www.districlass.com<\/a> peut-\u00eatre amen\u00e9<br \/>\n\u00e0 vous demander l\u00b9acceptation des cookies pour des besoins de<br \/>\nstatistiques et d&#8217;affichage. Un cookies est une information d\u00e9pos\u00e9e sur<br \/>\nvotre disque dur par le serveur du site que vous visitez. Il contient<br \/>\nplusieurs donn\u00e9es qui sont stock\u00e9es sur votre ordinateur dans un simple<br \/>\nfichier texte auquel un serveur acc\u00e8de pour lire et enregistrer des<br \/>\ninformations . Certaines parties de ce site ne peuvent \u00eatre<br \/>\nfonctionnelles sans l\u00b9acceptation de cookies.<\/p>\n<h3><span style=\"color: #000000;\"><b>Liens hypertextes :<\/b> <\/span><\/h3>\n<p>Les sites internet de peuvent offrir des liens<br \/>\nvers d\u00b9autres sites internet ou d\u00b9autres ressources disponibles sur<br \/>\nInternet. Districlass M\u00e9dical ne dispose d&#8217;aucun moyen pour contr\u00f4ler les<br \/>\nsites en connexion avec ses sites internet. ne r\u00e9pond pas de la<br \/>\ndisponibilit\u00e9 de tels sites et sources externes, ni ne la garantit. Elle<br \/>\nne peut \u00eatre tenue pour responsable de tout dommage, de quelque nature<br \/>\nque ce soit, r\u00e9sultant du contenu de ces sites ou sources externes, et<br \/>\nnotamment des informations, produits ou services qu\u00b9ils proposent, ou de<br \/>\ntout usage qui peut \u00eatre fait de ces \u00e9l\u00e9ments. Les risques li\u00e9s \u00e0 cette<br \/>\nutilisation incombent pleinement \u00e0 l&#8217;internaute, qui doit se conformer \u00e0<br \/>\nleurs conditions d&#8217;utilisation.<\/p>\n<p>Les utilisateurs, les abonn\u00e9s et les visiteurs des sites internet de ne<br \/>\npeuvent mettre en place un hyperlien en direction de ce site sans<br \/>\nl&#8217;autorisation expresse et pr\u00e9alable de Districlass M\u00e9dical.<\/p>\n<p>Dans l&#8217;hypoth\u00e8se o\u00f9 un utilisateur ou visiteur souhaiterait mettre en<br \/>\nplace un hyperlien en direction d\u00b9un des sites internet de Districlass<br \/>\nM\u00e9dical, il lui appartiendra d&#8217;adresser un email accessible sur le site<br \/>\nafin de formuler sa demande de mise en place d&#8217;un hyperlien. Districlass<br \/>\nM\u00e9dical se r\u00e9serve le droit d\u00b9accepter ou de refuser un hyperlien sans<br \/>\navoir \u00e0 en justifier sa d\u00e9cision.<\/p>\n<h3 style=\"color: #b51a00;\"><span style=\"color: #000000;\"><b>Services<br \/>\nfournis : <\/b><\/span><\/h3>\n<p style=\"color: #323333;\">L&#8217;ensemble des activit\u00e9s de la soci\u00e9t\u00e9 ainsi<br \/>\nque ses informations sont pr\u00e9sent\u00e9s sur notre site <a href=\"http:\/\/www.districlass.com\">www.districlass.com<\/a>.<\/p>\n<p style=\"color: #323333;\">Districlass M\u00e9dical s\u00b9efforce de fournir sur<br \/>\nle site www.districlass.com des informations aussi pr\u00e9cises que possible.<br \/>\nles renseignements figurant sur le site <a href=\"http:\/\/www.districlass.com\">www.districlass.com<\/a> ne sont pas<br \/>\nexhaustifs et les photos non contractuelles. Ils sont donn\u00e9s sous r\u00e9serve<br \/>\nde modifications ayant \u00e9t\u00e9 apport\u00e9es depuis leur mise en ligne. Par<br \/>\nailleurs, tous les informations indiqu\u00e9es sur le site<br \/>\nwww.districlass.com<b> <\/b>sont<br \/>\ndonn\u00e9es \u00e0 titre indicatif, et sont susceptibles de changer ou d\u00b9\u00e9voluer<br \/>\nsans pr\u00e9avis.<\/p>\n<p>&nbsp;<\/p>\n<h3 style=\"color: #b51a00;\"><span style=\"color: #000000;\"><b>Limitation contractuelles sur les donn\u00e9es : <\/b><\/span><\/h3>\n<p>Les informations contenues sur ce site sont aussi pr\u00e9cises que possible<br \/>\net le site remis \u00e0 jour \u00e0 diff\u00e9rentes p\u00e9riodes de l\u00b9ann\u00e9e, mais peut<br \/>\ntoutefois contenir des inexactitudes ou des omissions. Si vous constatez<br \/>\nune lacune, erreur ou ce qui parait \u00eatre un dysfonctionnement, merci de<br \/>\nbien vouloir le signaler par email, \u00e0 l\u00b9adresse<br \/>\ndistriclass@districlass.com, en d\u00e9crivant le probl\u00e8me de la mani\u00e8re la<br \/>\nplus pr\u00e9cise possible (page posant probl\u00e8me, type d\u00b9ordinateur et de<br \/>\nnavigateur utilis\u00e9, &#8230;).<\/p>\n<p>Tout contenu t\u00e9l\u00e9charg\u00e9 se fait aux risques et p\u00e9rils de l&#8217;utilisateur et<br \/>\nsous sa seule responsabilit\u00e9. En cons\u00e9quence, ne saurait \u00eatre tenu<br \/>\nresponsable d&#8217;un quelconque dommage subi par l&#8217;ordinateur de<br \/>\nl&#8217;utilisateur ou d&#8217;une quelconque perte de donn\u00e9es cons\u00e9cutives au<br \/>\nt\u00e9l\u00e9chargement. <span style=\"color: #323333;\">De plus, l\u00b9utilisateur du<br \/>\nsite s\u00b9engage \u00e0 acc\u00e9der au site en utilisant un mat\u00e9riel r\u00e9cent, ne<br \/>\ncontenant pas de virus et avec un navigateur de derni\u00e8re g\u00e9n\u00e9ration<br \/>\nmis-\u00e0-jour<\/span><\/p>\n<p>Les liens hypertextes mis en place dans le cadre du pr\u00e9sent site internet<br \/>\nen direction d&#8217;autres ressources pr\u00e9sentes sur le r\u00e9seau Internet ne<br \/>\nsauraient engager la responsabilit\u00e9 de Districlass M\u00e9dical.<\/p>\n<h3 style=\"color: #b51a00;\"><span style=\"color: #000000;\"><b>Propri\u00e9t\u00e9 intellectuelle :<\/b><\/span><\/h3>\n<p>Tout le contenu du pr\u00e9sent sur le site <a href=\"http:\/\/www.districlass.com\">www.districlass.com<\/a>, incluant, de<br \/>\nfa\u00e7on non limitative, les graphismes, images, textes, vid\u00e9os, animations,<br \/>\nsons, logos, gifs et ic\u00f4nes ainsi que leur mise en forme sont la<br \/>\npropri\u00e9t\u00e9 exclusive de la soci\u00e9t\u00e9 \u00e0 l&#8217;exception des marques, logos ou<br \/>\ncontenus appartenant \u00e0 d&#8217;autres soci\u00e9t\u00e9s partenaires ou auteurs.<\/p>\n<p>Toute reproduction, distribution, modification, adaptation,<br \/>\nretransmission ou publication, m\u00eame partielle, de ces diff\u00e9rents \u00e9l\u00e9ments<br \/>\nest strictement interdite sans l&#8217;accord expr\u00e8s par \u00e9crit de Districlass<br \/>\nM\u00e9dical. Cette repr\u00e9sentation ou reproduction, par quelque proc\u00e9d\u00e9 que ce<br \/>\nsoit, constitue une contrefa\u00e7on sanctionn\u00e9e par les articles L.335-2 et<br \/>\nsuivants du Code de la propri\u00e9t\u00e9 intellectuelle. Le non-respect de cette<br \/>\ninterdiction constitue une contrefa\u00e7on pouvant engager la responsabilit\u00e9<br \/>\ncivile et p\u00e9nale du contrefacteur. En outre, les propri\u00e9taires des<br \/>\nContenus copi\u00e9s pourraient intenter une action en justice \u00e0 votre<br \/>\nencontre.<\/p>\n<h3 style=\"color: #b51a00;\"><span style=\"color: #000000;\"><b>D\u00e9claration \u00e0 la CNIL : <\/b><\/span><\/h3>\n<p>Conform\u00e9ment \u00e0 la loi 78-17 du 6 janvier 1978 (modifi\u00e9e par la loi<br \/>\n2004-801 du 6 ao\u00fbt 2004 relative \u00e0 la protection des personnes physiques<br \/>\n\u00e0 l&#8217;\u00e9gard des traitements de donn\u00e9es \u00e0 caract\u00e8re personnel) relative \u00e0<br \/>\nl&#8217;informatique, aux fichiers et aux libert\u00e9s, ce site n&#8217;a pas fait<br \/>\nl&#8217;objet d&#8217;une d\u00e9claration aupr\u00e8s de la Commission nationale de<br \/>\nl&#8217;informatique et des libert\u00e9s (<a href=\"http:\/\/www.cnil.fr\/\">www.cnil.fr<\/a>).<\/p>\n<h3 style=\"color: #b51a00;\"><span style=\"color: #000000;\"><b>Litiges : <\/b><\/span><\/h3>\n<p>Les pr\u00e9sentes conditions du site <a href=\"http:\/\/www.districlass.com\">www.districlass.com<\/a> sont r\u00e9gies par<br \/>\nles lois fran\u00e7aises et toute contestation ou litiges qui pourraient<br \/>\nna\u00eetre de l&#8217;interpr\u00e9tation ou de l&#8217;ex\u00e9cution de celles-ci seront de la<br \/>\ncomp\u00e9tence exclusive des tribunaux dont d\u00e9pend le si\u00e8ge social de la<br \/>\nsoci\u00e9t\u00e9. La langue de r\u00e9f\u00e9rence, pour le r\u00e8glement de contentieux<br \/>\n\u00e9ventuels, est le fran\u00e7ais.<\/p>\n<h3 style=\"color: #b51a00;\"><span style=\"color: #000000;\"><b>Donn\u00e9es\u00a0personnelles :<\/b><\/span><\/h3>\n<p>De mani\u00e8re g\u00e9n\u00e9rale, vous n\u00b9\u00eates pas tenu de nous communiquer vos donn\u00e9es<br \/>\npersonnelles lorsque vous visitez notre site Internet <a href=\"http:\/\/www.districlass.com\">www.districlass.com<\/a>.<\/p>\n<p>Cependant, ce principe comporte certaines exceptions. En effet, pour<br \/>\ncertains services propos\u00e9s par notre site, vous pouvez \u00eatre amen\u00e9s \u00e0 nous<br \/>\ncommuniquer certaines donn\u00e9es telles que : votre nom, votre fonction, le<br \/>\nnom de votre soci\u00e9t\u00e9, votre adresse \u00e9lectronique, et votre num\u00e9ro de<br \/>\nt\u00e9l\u00e9phone. Tel est le cas lorsque vous remplissez le formulaire qui vous<br \/>\nest propos\u00e9 en ligne, dans la rubrique \u00ab contact \u00bb. Dans tous les cas,<br \/>\nvous pouvez refuser de fournir vos donn\u00e9es personnelles. Dans ce cas,<br \/>\nvous ne pourrez pas utiliser les services du site, notamment celui de<br \/>\nsolliciter des renseignements sur notre soci\u00e9t\u00e9, ou de recevoir les<br \/>\nlettres d\u00b9information.<\/p>\n<p>Enfin, nous pouvons collecter de mani\u00e8re automatique certaines<br \/>\ninformations vous concernant lors d\u00b9une simple navigation sur notre site<br \/>\nInternet, notamment : des informations concernant l\u00b9utilisation de notre<br \/>\nsite, comme les zones que vous visitez et les services auxquels vous<br \/>\nacc\u00e9dez, votre adresse IP, le type de votre navigateur, vos temps<br \/>\nd&#8217;acc\u00e8s. De telles informations sont utilis\u00e9es exclusivement \u00e0 des fins<br \/>\nde statistiques internes, de mani\u00e8re \u00e0 am\u00e9liorer la qualit\u00e9 des services<br \/>\nqui vous sont propos\u00e9s. Les bases de donn\u00e9es sont prot\u00e9g\u00e9es par les<br \/>\ndispositions de la loi du 1er juillet 1998 transposant la directive 96\/9<br \/>\ndu 11 mars 1996 relative \u00e0 la protection juridique des bases de donn\u00e9es.<\/p>\n","protected":false},"excerpt":{"rendered":"<p>Mentions l\u00e9gales Merci de lire avec attention les diff\u00e9rentes modalit\u00e9s d\u00b9utilisation du pr\u00e9sent site avant d\u00b9y parcourir ses pages. En vous connectant sur ce site, vous acceptez sans r\u00e9serves les pr\u00e9sentes modalit\u00e9s. Aussi, conform\u00e9ment \u00e0 l\u00b9article n\u00b06 de la Loi n\u00b02004-575 du 21 Juin 2004 pour la confiance dans l\u00b9\u00e9conomie num\u00e9rique, les responsables du pr\u00e9sent &hellip; <a href=\"https:\/\/districlass.com\/en\/mentions-legales\/\">Continued<\/a><\/p>\n","protected":false},"author":1,"featured_media":976,"parent":0,"menu_order":6,"comment_status":"closed","ping_status":"closed","template":"","meta":{"_acf_changed":false,"inline_featured_image":false,"footnotes":""},"class_list":["post-664","page","type-page","status-publish","has-post-thumbnail","hentry"],"acf":[],"yoast_head":"<!-- This site is optimized with the Yoast SEO plugin v27.3 - https:\/\/yoast.com\/product\/yoast-seo-wordpress\/ -->\n<title>Mentions l\u00e9gales - Districlass M\u00e9dical<\/title>\n<meta name=\"robots\" content=\"index, follow, max-snippet:-1, max-image-preview:large, max-video-preview:-1\" \/>\n<link rel=\"canonical\" href=\"https:\/\/districlass.com\/en\/mentions-legales\/\" \/>\n<meta property=\"og:locale\" content=\"en_US\" \/>\n<meta property=\"og:type\" content=\"article\" \/>\n<meta property=\"og:title\" content=\"Mentions l\u00e9gales - Districlass M\u00e9dical\" \/>\n<meta property=\"og:description\" content=\"Mentions l\u00e9gales Merci de lire avec attention les diff\u00e9rentes modalit\u00e9s d\u00b9utilisation du pr\u00e9sent site avant d\u00b9y parcourir ses pages. En vous connectant sur ce site, vous acceptez sans r\u00e9serves les pr\u00e9sentes modalit\u00e9s. Aussi, conform\u00e9ment \u00e0 l\u00b9article n\u00b06 de la Loi n\u00b02004-575 du 21 Juin 2004 pour la confiance dans l\u00b9\u00e9conomie num\u00e9rique, les responsables du pr\u00e9sent &hellip; Continued\" \/>\n<meta property=\"og:url\" content=\"https:\/\/districlass.com\/en\/mentions-legales\/\" \/>\n<meta property=\"og:site_name\" content=\"Districlass M\u00e9dical\" \/>\n<meta property=\"article:modified_time\" content=\"2017-06-06T13:58:47+00:00\" \/>\n<meta property=\"og:image\" content=\"https:\/\/districlass.com\/wp-content\/uploads\/2017\/03\/bacc82timent-3-1-e1492619128897.jpg\" \/>\n\t<meta property=\"og:image:width\" content=\"1890\" \/>\n\t<meta property=\"og:image:height\" content=\"1049\" \/>\n\t<meta property=\"og:image:type\" content=\"image\/jpeg\" \/>\n<meta name=\"twitter:card\" content=\"summary_large_image\" \/>\n<meta name=\"twitter:label1\" content=\"Est. reading time\" \/>\n\t<meta name=\"twitter:data1\" content=\"7 minutes\" \/>\n<script type=\"application\/ld+json\" class=\"yoast-schema-graph\">{\"@context\":\"https:\\\/\\\/schema.org\",\"@graph\":[{\"@type\":\"WebPage\",\"@id\":\"https:\\\/\\\/districlass.com\\\/en\\\/mentions-legales\\\/\",\"url\":\"https:\\\/\\\/districlass.com\\\/en\\\/mentions-legales\\\/\",\"name\":\"Mentions l\u00e9gales - Districlass M\u00e9dical\",\"isPartOf\":{\"@id\":\"https:\\\/\\\/districlass.com\\\/#website\"},\"primaryImageOfPage\":{\"@id\":\"https:\\\/\\\/districlass.com\\\/en\\\/mentions-legales\\\/#primaryimage\"},\"image\":{\"@id\":\"https:\\\/\\\/districlass.com\\\/en\\\/mentions-legales\\\/#primaryimage\"},\"thumbnailUrl\":\"https:\\\/\\\/districlass.com\\\/wp-content\\\/uploads\\\/2017\\\/03\\\/bacc82timent-3-1-e1492619128897.jpg\",\"datePublished\":\"2017-02-23T15:23:15+00:00\",\"dateModified\":\"2017-06-06T13:58:47+00:00\",\"breadcrumb\":{\"@id\":\"https:\\\/\\\/districlass.com\\\/en\\\/mentions-legales\\\/#breadcrumb\"},\"inLanguage\":\"en-US\",\"potentialAction\":[{\"@type\":\"ReadAction\",\"target\":[\"https:\\\/\\\/districlass.com\\\/en\\\/mentions-legales\\\/\"]}]},{\"@type\":\"ImageObject\",\"inLanguage\":\"en-US\",\"@id\":\"https:\\\/\\\/districlass.com\\\/en\\\/mentions-legales\\\/#primaryimage\",\"url\":\"https:\\\/\\\/districlass.com\\\/wp-content\\\/uploads\\\/2017\\\/03\\\/bacc82timent-3-1-e1492619128897.jpg\",\"contentUrl\":\"https:\\\/\\\/districlass.com\\\/wp-content\\\/uploads\\\/2017\\\/03\\\/bacc82timent-3-1-e1492619128897.jpg\",\"width\":1890,\"height\":1049,\"caption\":\"Districlass Medical - Chaponnay\"},{\"@type\":\"BreadcrumbList\",\"@id\":\"https:\\\/\\\/districlass.com\\\/en\\\/mentions-legales\\\/#breadcrumb\",\"itemListElement\":[{\"@type\":\"ListItem\",\"position\":1,\"name\":\"Accueil\",\"item\":\"https:\\\/\\\/districlass.com\\\/en\\\/\"},{\"@type\":\"ListItem\",\"position\":2,\"name\":\"Mentions l\u00e9gales\"}]},{\"@type\":\"WebSite\",\"@id\":\"https:\\\/\\\/districlass.com\\\/#website\",\"url\":\"https:\\\/\\\/districlass.com\\\/\",\"name\":\"Districlass M\u00e9dical\",\"description\":\"L&#039;exp\u00e9rience au service de la sant\u00e9\",\"potentialAction\":[{\"@type\":\"SearchAction\",\"target\":{\"@type\":\"EntryPoint\",\"urlTemplate\":\"https:\\\/\\\/districlass.com\\\/?s={search_term_string}\"},\"query-input\":{\"@type\":\"PropertyValueSpecification\",\"valueRequired\":true,\"valueName\":\"search_term_string\"}}],\"inLanguage\":\"en-US\"}]}<\/script>\n<!-- \/ Yoast SEO plugin. -->","yoast_head_json":{"title":"Mentions l\u00e9gales - Districlass M\u00e9dical","robots":{"index":"index","follow":"follow","max-snippet":"max-snippet:-1","max-image-preview":"max-image-preview:large","max-video-preview":"max-video-preview:-1"},"canonical":"https:\/\/districlass.com\/en\/mentions-legales\/","og_locale":"en_US","og_type":"article","og_title":"Mentions l\u00e9gales - Districlass M\u00e9dical","og_description":"Mentions l\u00e9gales Merci de lire avec attention les diff\u00e9rentes modalit\u00e9s d\u00b9utilisation du pr\u00e9sent site avant d\u00b9y parcourir ses pages. En vous connectant sur ce site, vous acceptez sans r\u00e9serves les pr\u00e9sentes modalit\u00e9s. Aussi, conform\u00e9ment \u00e0 l\u00b9article n\u00b06 de la Loi n\u00b02004-575 du 21 Juin 2004 pour la confiance dans l\u00b9\u00e9conomie num\u00e9rique, les responsables du pr\u00e9sent &hellip; Continued","og_url":"https:\/\/districlass.com\/en\/mentions-legales\/","og_site_name":"Districlass M\u00e9dical","article_modified_time":"2017-06-06T13:58:47+00:00","og_image":[{"width":1890,"height":1049,"url":"https:\/\/districlass.com\/wp-content\/uploads\/2017\/03\/bacc82timent-3-1-e1492619128897.jpg","type":"image\/jpeg"}],"twitter_card":"summary_large_image","twitter_misc":{"Est. reading time":"7 minutes"},"schema":{"@context":"https:\/\/schema.org","@graph":[{"@type":"WebPage","@id":"https:\/\/districlass.com\/en\/mentions-legales\/","url":"https:\/\/districlass.com\/en\/mentions-legales\/","name":"Mentions l\u00e9gales - Districlass M\u00e9dical","isPartOf":{"@id":"https:\/\/districlass.com\/#website"},"primaryImageOfPage":{"@id":"https:\/\/districlass.com\/en\/mentions-legales\/#primaryimage"},"image":{"@id":"https:\/\/districlass.com\/en\/mentions-legales\/#primaryimage"},"thumbnailUrl":"https:\/\/districlass.com\/wp-content\/uploads\/2017\/03\/bacc82timent-3-1-e1492619128897.jpg","datePublished":"2017-02-23T15:23:15+00:00","dateModified":"2017-06-06T13:58:47+00:00","breadcrumb":{"@id":"https:\/\/districlass.com\/en\/mentions-legales\/#breadcrumb"},"inLanguage":"en-US","potentialAction":[{"@type":"ReadAction","target":["https:\/\/districlass.com\/en\/mentions-legales\/"]}]},{"@type":"ImageObject","inLanguage":"en-US","@id":"https:\/\/districlass.com\/en\/mentions-legales\/#primaryimage","url":"https:\/\/districlass.com\/wp-content\/uploads\/2017\/03\/bacc82timent-3-1-e1492619128897.jpg","contentUrl":"https:\/\/districlass.com\/wp-content\/uploads\/2017\/03\/bacc82timent-3-1-e1492619128897.jpg","width":1890,"height":1049,"caption":"Districlass Medical - Chaponnay"},{"@type":"BreadcrumbList","@id":"https:\/\/districlass.com\/en\/mentions-legales\/#breadcrumb","itemListElement":[{"@type":"ListItem","position":1,"name":"Accueil","item":"https:\/\/districlass.com\/en\/"},{"@type":"ListItem","position":2,"name":"Mentions l\u00e9gales"}]},{"@type":"WebSite","@id":"https:\/\/districlass.com\/#website","url":"https:\/\/districlass.com\/","name":"Districlass M\u00e9dical","description":"L&#039;exp\u00e9rience au service de la sant\u00e9","potentialAction":[{"@type":"SearchAction","target":{"@type":"EntryPoint","urlTemplate":"https:\/\/districlass.com\/?s={search_term_string}"},"query-input":{"@type":"PropertyValueSpecification","valueRequired":true,"valueName":"search_term_string"}}],"inLanguage":"en-US"}]}},"_links":{"self":[{"href":"https:\/\/districlass.com\/en\/wp-json\/wp\/v2\/pages\/664","targetHints":{"allow":["GET"]}}],"collection":[{"href":"https:\/\/districlass.com\/en\/wp-json\/wp\/v2\/pages"}],"about":[{"href":"https:\/\/districlass.com\/en\/wp-json\/wp\/v2\/types\/page"}],"author":[{"embeddable":true,"href":"https:\/\/districlass.com\/en\/wp-json\/wp\/v2\/users\/1"}],"replies":[{"embeddable":true,"href":"https:\/\/districlass.com\/en\/wp-json\/wp\/v2\/comments?post=664"}],"version-history":[{"count":2,"href":"https:\/\/districlass.com\/en\/wp-json\/wp\/v2\/pages\/664\/revisions"}],"predecessor-version":[{"id":666,"href":"https:\/\/districlass.com\/en\/wp-json\/wp\/v2\/pages\/664\/revisions\/666"}],"wp:featuredmedia":[{"embeddable":true,"href":"https:\/\/districlass.com\/en\/wp-json\/wp\/v2\/media\/976"}],"wp:attachment":[{"href":"https:\/\/districlass.com\/en\/wp-json\/wp\/v2\/media?parent=664"}],"curies":[{"name":"wp","href":"https:\/\/api.w.org\/{rel}","templated":true}]}}