{"id":672,"date":"2017-03-21T14:36:45","date_gmt":"2017-03-21T13:36:45","guid":{"rendered":"http:\/\/districlass.com\/produits\/districath\/petit-modele-titane-polysulfone\/"},"modified":"2025-10-10T02:00:59","modified_gmt":"2025-10-10T00:00:59","slug":"petit-modele-titane-polysulfone","status":"publish","type":"page","link":"https:\/\/districlass.com\/en\/produits\/districath\/petit-modele-titane-polysulfone\/","title":{"rendered":"Small Models"},"content":{"rendered":"","protected":false},"excerpt":{"rendered":"","protected":false},"author":1,"featured_media":0,"parent":610,"menu_order":6,"comment_status":"closed","ping_status":"closed","template":"views\/page-produit.blade.php","meta":{"_acf_changed":false,"inline_featured_image":false,"footnotes":""},"class_list":["post-672","page","type-page","status-publish","hentry"],"acf":[],"yoast_head":"<!-- This site is optimized with the Yoast SEO plugin v27.3 - https:\/\/yoast.com\/product\/yoast-seo-wordpress\/ -->\n<title>Small Models - Districlass M\u00e9dical<\/title>\n<meta name=\"robots\" content=\"index, follow, max-snippet:-1, max-image-preview:large, max-video-preview:-1\" \/>\n<link rel=\"canonical\" href=\"https:\/\/districlass.com\/en\/produits\/districath\/petit-modele-titane-polysulfone\/\" \/>\n<meta property=\"og:locale\" content=\"en_US\" \/>\n<meta property=\"og:type\" content=\"article\" \/>\n<meta property=\"og:title\" content=\"Small Models - Districlass M\u00e9dical\" \/>\n<meta property=\"og:url\" content=\"https:\/\/districlass.com\/en\/produits\/districath\/petit-modele-titane-polysulfone\/\" \/>\n<meta property=\"og:site_name\" content=\"Districlass M\u00e9dical\" \/>\n<meta property=\"article:modified_time\" content=\"2025-10-10T00:00:59+00:00\" \/>\n<meta name=\"twitter:card\" content=\"summary_large_image\" \/>\n<script type=\"application\/ld+json\" class=\"yoast-schema-graph\">{\"@context\":\"https:\\\/\\\/schema.org\",\"@graph\":[{\"@type\":\"WebPage\",\"@id\":\"https:\\\/\\\/districlass.com\\\/en\\\/produits\\\/districath\\\/petit-modele-titane-polysulfone\\\/\",\"url\":\"https:\\\/\\\/districlass.com\\\/en\\\/produits\\\/districath\\\/petit-modele-titane-polysulfone\\\/\",\"name\":\"Small Models - Districlass M\u00e9dical\",\"isPartOf\":{\"@id\":\"https:\\\/\\\/districlass.com\\\/#website\"},\"datePublished\":\"2017-03-21T13:36:45+00:00\",\"dateModified\":\"2025-10-10T00:00:59+00:00\",\"breadcrumb\":{\"@id\":\"https:\\\/\\\/districlass.com\\\/en\\\/produits\\\/districath\\\/petit-modele-titane-polysulfone\\\/#breadcrumb\"},\"inLanguage\":\"en-US\",\"potentialAction\":[{\"@type\":\"ReadAction\",\"target\":[\"https:\\\/\\\/districlass.com\\\/en\\\/produits\\\/districath\\\/petit-modele-titane-polysulfone\\\/\"]}]},{\"@type\":\"BreadcrumbList\",\"@id\":\"https:\\\/\\\/districlass.com\\\/en\\\/produits\\\/districath\\\/petit-modele-titane-polysulfone\\\/#breadcrumb\",\"itemListElement\":[{\"@type\":\"ListItem\",\"position\":1,\"name\":\"Accueil\",\"item\":\"https:\\\/\\\/districlass.com\\\/en\\\/\"},{\"@type\":\"ListItem\",\"position\":2,\"name\":\"Products\",\"item\":\"https:\\\/\\\/districlass.com\\\/en\\\/produits\\\/\"},{\"@type\":\"ListItem\",\"position\":3,\"name\":\"DistricAth\",\"item\":\"https:\\\/\\\/districlass.com\\\/en\\\/produits\\\/districath\\\/\"},{\"@type\":\"ListItem\",\"position\":4,\"name\":\"Small Models\"}]},{\"@type\":\"WebSite\",\"@id\":\"https:\\\/\\\/districlass.com\\\/#website\",\"url\":\"https:\\\/\\\/districlass.com\\\/\",\"name\":\"Districlass M\u00e9dical\",\"description\":\"L&#039;exp\u00e9rience au service de la sant\u00e9\",\"potentialAction\":[{\"@type\":\"SearchAction\",\"target\":{\"@type\":\"EntryPoint\",\"urlTemplate\":\"https:\\\/\\\/districlass.com\\\/?s={search_term_string}\"},\"query-input\":{\"@type\":\"PropertyValueSpecification\",\"valueRequired\":true,\"valueName\":\"search_term_string\"}}],\"inLanguage\":\"en-US\"}]}<\/script>\n<!-- \/ Yoast SEO plugin. -->","yoast_head_json":{"title":"Small Models - Districlass M\u00e9dical","robots":{"index":"index","follow":"follow","max-snippet":"max-snippet:-1","max-image-preview":"max-image-preview:large","max-video-preview":"max-video-preview:-1"},"canonical":"https:\/\/districlass.com\/en\/produits\/districath\/petit-modele-titane-polysulfone\/","og_locale":"en_US","og_type":"article","og_title":"Small Models - Districlass M\u00e9dical","og_url":"https:\/\/districlass.com\/en\/produits\/districath\/petit-modele-titane-polysulfone\/","og_site_name":"Districlass M\u00e9dical","article_modified_time":"2025-10-10T00:00:59+00:00","twitter_card":"summary_large_image","schema":{"@context":"https:\/\/schema.org","@graph":[{"@type":"WebPage","@id":"https:\/\/districlass.com\/en\/produits\/districath\/petit-modele-titane-polysulfone\/","url":"https:\/\/districlass.com\/en\/produits\/districath\/petit-modele-titane-polysulfone\/","name":"Small Models - Districlass M\u00e9dical","isPartOf":{"@id":"https:\/\/districlass.com\/#website"},"datePublished":"2017-03-21T13:36:45+00:00","dateModified":"2025-10-10T00:00:59+00:00","breadcrumb":{"@id":"https:\/\/districlass.com\/en\/produits\/districath\/petit-modele-titane-polysulfone\/#breadcrumb"},"inLanguage":"en-US","potentialAction":[{"@type":"ReadAction","target":["https:\/\/districlass.com\/en\/produits\/districath\/petit-modele-titane-polysulfone\/"]}]},{"@type":"BreadcrumbList","@id":"https:\/\/districlass.com\/en\/produits\/districath\/petit-modele-titane-polysulfone\/#breadcrumb","itemListElement":[{"@type":"ListItem","position":1,"name":"Accueil","item":"https:\/\/districlass.com\/en\/"},{"@type":"ListItem","position":2,"name":"Products","item":"https:\/\/districlass.com\/en\/produits\/"},{"@type":"ListItem","position":3,"name":"DistricAth","item":"https:\/\/districlass.com\/en\/produits\/districath\/"},{"@type":"ListItem","position":4,"name":"Small Models"}]},{"@type":"WebSite","@id":"https:\/\/districlass.com\/#website","url":"https:\/\/districlass.com\/","name":"Districlass M\u00e9dical","description":"L&#039;exp\u00e9rience au service de la sant\u00e9","potentialAction":[{"@type":"SearchAction","target":{"@type":"EntryPoint","urlTemplate":"https:\/\/districlass.com\/?s={search_term_string}"},"query-input":{"@type":"PropertyValueSpecification","valueRequired":true,"valueName":"search_term_string"}}],"inLanguage":"en-US"}]}},"_links":{"self":[{"href":"https:\/\/districlass.com\/en\/wp-json\/wp\/v2\/pages\/672","targetHints":{"allow":["GET"]}}],"collection":[{"href":"https:\/\/districlass.com\/en\/wp-json\/wp\/v2\/pages"}],"about":[{"href":"https:\/\/districlass.com\/en\/wp-json\/wp\/v2\/types\/page"}],"author":[{"embeddable":true,"href":"https:\/\/districlass.com\/en\/wp-json\/wp\/v2\/users\/1"}],"replies":[{"embeddable":true,"href":"https:\/\/districlass.com\/en\/wp-json\/wp\/v2\/comments?post=672"}],"version-history":[{"count":5,"href":"https:\/\/districlass.com\/en\/wp-json\/wp\/v2\/pages\/672\/revisions"}],"predecessor-version":[{"id":1182,"href":"https:\/\/districlass.com\/en\/wp-json\/wp\/v2\/pages\/672\/revisions\/1182"}],"up":[{"embeddable":true,"href":"https:\/\/districlass.com\/en\/wp-json\/wp\/v2\/pages\/610"}],"wp:attachment":[{"href":"https:\/\/districlass.com\/en\/wp-json\/wp\/v2\/media?parent=672"}],"curies":[{"name":"wp","href":"https:\/\/api.w.org\/{rel}","templated":true}]}}