{"id":701,"date":"2017-05-02T19:45:46","date_gmt":"2017-05-02T17:45:46","guid":{"rendered":"http:\/\/districlass.com\/produits\/districath\/peritoneale\/"},"modified":"2025-10-10T02:01:33","modified_gmt":"2025-10-10T00:01:33","slug":"multi-perforated-high-flow-catheter","status":"publish","type":"page","link":"https:\/\/districlass.com\/en\/produits\/districath\/multi-perforated-high-flow-catheter\/","title":{"rendered":"Multi-Perforated High Flow Catheter"},"content":{"rendered":"<pre id=\"tw-target-text\" class=\"tw-data-text tw-ta tw-text-medium\" dir=\"ltr\" data-placeholder=\"Traduction\" data-fulltext=\"\"><span lang=\"en\" tabindex=\"0\">multi-perforated high flow catheter<\/span><\/pre>\n","protected":false},"excerpt":{"rendered":"<p>multi-perforated high flow catheter<\/p>\n","protected":false},"author":1,"featured_media":0,"parent":610,"menu_order":12,"comment_status":"closed","ping_status":"closed","template":"views\/page-produit.blade.php","meta":{"_acf_changed":false,"inline_featured_image":false,"footnotes":""},"class_list":["post-701","page","type-page","status-publish","hentry"],"acf":[],"yoast_head":"<!-- This site is optimized with the Yoast SEO plugin v27.3 - https:\/\/yoast.com\/product\/yoast-seo-wordpress\/ -->\n<title>Multi-Perforated High Flow Catheter - Implantable Port DistricAth\u00ae<\/title>\n<meta name=\"description\" content=\"Implantable Port 245\" \/>\n<meta name=\"robots\" content=\"index, follow, max-snippet:-1, max-image-preview:large, max-video-preview:-1\" \/>\n<link rel=\"canonical\" href=\"https:\/\/districlass.com\/en\/produits\/districath\/multi-perforated-high-flow-catheter\/\" \/>\n<meta property=\"og:locale\" content=\"en_US\" \/>\n<meta property=\"og:type\" content=\"article\" \/>\n<meta property=\"og:title\" content=\"Multi-Perforated High Flow Catheter - Implantable Port DistricAth\u00ae\" \/>\n<meta property=\"og:description\" content=\"Implantable Port 245\" \/>\n<meta property=\"og:url\" content=\"https:\/\/districlass.com\/en\/produits\/districath\/multi-perforated-high-flow-catheter\/\" \/>\n<meta property=\"og:site_name\" content=\"Districlass M\u00e9dical\" \/>\n<meta property=\"article:modified_time\" content=\"2025-10-10T00:01:33+00:00\" \/>\n<meta name=\"twitter:card\" content=\"summary_large_image\" \/>\n<script type=\"application\/ld+json\" class=\"yoast-schema-graph\">{\"@context\":\"https:\\\/\\\/schema.org\",\"@graph\":[{\"@type\":\"WebPage\",\"@id\":\"https:\\\/\\\/districlass.com\\\/en\\\/produits\\\/districath\\\/multi-perforated-high-flow-catheter\\\/\",\"url\":\"https:\\\/\\\/districlass.com\\\/en\\\/produits\\\/districath\\\/multi-perforated-high-flow-catheter\\\/\",\"name\":\"Multi-Perforated High Flow Catheter - Implantable Port DistricAth\u00ae\",\"isPartOf\":{\"@id\":\"https:\\\/\\\/districlass.com\\\/#website\"},\"datePublished\":\"2017-05-02T17:45:46+00:00\",\"dateModified\":\"2025-10-10T00:01:33+00:00\",\"description\":\"Implantable Port 245\",\"breadcrumb\":{\"@id\":\"https:\\\/\\\/districlass.com\\\/en\\\/produits\\\/districath\\\/multi-perforated-high-flow-catheter\\\/#breadcrumb\"},\"inLanguage\":\"en-US\",\"potentialAction\":[{\"@type\":\"ReadAction\",\"target\":[\"https:\\\/\\\/districlass.com\\\/en\\\/produits\\\/districath\\\/multi-perforated-high-flow-catheter\\\/\"]}]},{\"@type\":\"BreadcrumbList\",\"@id\":\"https:\\\/\\\/districlass.com\\\/en\\\/produits\\\/districath\\\/multi-perforated-high-flow-catheter\\\/#breadcrumb\",\"itemListElement\":[{\"@type\":\"ListItem\",\"position\":1,\"name\":\"Accueil\",\"item\":\"https:\\\/\\\/districlass.com\\\/en\\\/\"},{\"@type\":\"ListItem\",\"position\":2,\"name\":\"Products\",\"item\":\"https:\\\/\\\/districlass.com\\\/en\\\/produits\\\/\"},{\"@type\":\"ListItem\",\"position\":3,\"name\":\"DistricAth\",\"item\":\"https:\\\/\\\/districlass.com\\\/en\\\/produits\\\/districath\\\/\"},{\"@type\":\"ListItem\",\"position\":4,\"name\":\"Multi-Perforated High Flow Catheter\"}]},{\"@type\":\"WebSite\",\"@id\":\"https:\\\/\\\/districlass.com\\\/#website\",\"url\":\"https:\\\/\\\/districlass.com\\\/\",\"name\":\"Districlass M\u00e9dical\",\"description\":\"L&#039;exp\u00e9rience au service de la sant\u00e9\",\"potentialAction\":[{\"@type\":\"SearchAction\",\"target\":{\"@type\":\"EntryPoint\",\"urlTemplate\":\"https:\\\/\\\/districlass.com\\\/?s={search_term_string}\"},\"query-input\":{\"@type\":\"PropertyValueSpecification\",\"valueRequired\":true,\"valueName\":\"search_term_string\"}}],\"inLanguage\":\"en-US\"}]}<\/script>\n<!-- \/ Yoast SEO plugin. -->","yoast_head_json":{"title":"Multi-Perforated High Flow Catheter - Implantable Port DistricAth\u00ae","description":"Implantable Port 245","robots":{"index":"index","follow":"follow","max-snippet":"max-snippet:-1","max-image-preview":"max-image-preview:large","max-video-preview":"max-video-preview:-1"},"canonical":"https:\/\/districlass.com\/en\/produits\/districath\/multi-perforated-high-flow-catheter\/","og_locale":"en_US","og_type":"article","og_title":"Multi-Perforated High Flow Catheter - Implantable Port DistricAth\u00ae","og_description":"Implantable Port 245","og_url":"https:\/\/districlass.com\/en\/produits\/districath\/multi-perforated-high-flow-catheter\/","og_site_name":"Districlass M\u00e9dical","article_modified_time":"2025-10-10T00:01:33+00:00","twitter_card":"summary_large_image","schema":{"@context":"https:\/\/schema.org","@graph":[{"@type":"WebPage","@id":"https:\/\/districlass.com\/en\/produits\/districath\/multi-perforated-high-flow-catheter\/","url":"https:\/\/districlass.com\/en\/produits\/districath\/multi-perforated-high-flow-catheter\/","name":"Multi-Perforated High Flow Catheter - Implantable Port DistricAth\u00ae","isPartOf":{"@id":"https:\/\/districlass.com\/#website"},"datePublished":"2017-05-02T17:45:46+00:00","dateModified":"2025-10-10T00:01:33+00:00","description":"Implantable Port 245","breadcrumb":{"@id":"https:\/\/districlass.com\/en\/produits\/districath\/multi-perforated-high-flow-catheter\/#breadcrumb"},"inLanguage":"en-US","potentialAction":[{"@type":"ReadAction","target":["https:\/\/districlass.com\/en\/produits\/districath\/multi-perforated-high-flow-catheter\/"]}]},{"@type":"BreadcrumbList","@id":"https:\/\/districlass.com\/en\/produits\/districath\/multi-perforated-high-flow-catheter\/#breadcrumb","itemListElement":[{"@type":"ListItem","position":1,"name":"Accueil","item":"https:\/\/districlass.com\/en\/"},{"@type":"ListItem","position":2,"name":"Products","item":"https:\/\/districlass.com\/en\/produits\/"},{"@type":"ListItem","position":3,"name":"DistricAth","item":"https:\/\/districlass.com\/en\/produits\/districath\/"},{"@type":"ListItem","position":4,"name":"Multi-Perforated High Flow Catheter"}]},{"@type":"WebSite","@id":"https:\/\/districlass.com\/#website","url":"https:\/\/districlass.com\/","name":"Districlass M\u00e9dical","description":"L&#039;exp\u00e9rience au service de la sant\u00e9","potentialAction":[{"@type":"SearchAction","target":{"@type":"EntryPoint","urlTemplate":"https:\/\/districlass.com\/?s={search_term_string}"},"query-input":{"@type":"PropertyValueSpecification","valueRequired":true,"valueName":"search_term_string"}}],"inLanguage":"en-US"}]}},"_links":{"self":[{"href":"https:\/\/districlass.com\/en\/wp-json\/wp\/v2\/pages\/701","targetHints":{"allow":["GET"]}}],"collection":[{"href":"https:\/\/districlass.com\/en\/wp-json\/wp\/v2\/pages"}],"about":[{"href":"https:\/\/districlass.com\/en\/wp-json\/wp\/v2\/types\/page"}],"author":[{"embeddable":true,"href":"https:\/\/districlass.com\/en\/wp-json\/wp\/v2\/users\/1"}],"replies":[{"embeddable":true,"href":"https:\/\/districlass.com\/en\/wp-json\/wp\/v2\/comments?post=701"}],"version-history":[{"count":5,"href":"https:\/\/districlass.com\/en\/wp-json\/wp\/v2\/pages\/701\/revisions"}],"predecessor-version":[{"id":1188,"href":"https:\/\/districlass.com\/en\/wp-json\/wp\/v2\/pages\/701\/revisions\/1188"}],"up":[{"embeddable":true,"href":"https:\/\/districlass.com\/en\/wp-json\/wp\/v2\/pages\/610"}],"wp:attachment":[{"href":"https:\/\/districlass.com\/en\/wp-json\/wp\/v2\/media?parent=701"}],"curies":[{"name":"wp","href":"https:\/\/api.w.org\/{rel}","templated":true}]}}