{"id":704,"date":"2017-05-02T19:44:45","date_gmt":"2017-05-02T17:44:45","guid":{"rendered":"http:\/\/districlass.com\/produits\/districath\/implantation-brachiale\/"},"modified":"2025-10-10T02:01:39","modified_gmt":"2025-10-10T00:01:39","slug":"implantation-brachiale","status":"publish","type":"page","link":"https:\/\/districlass.com\/en\/produits\/districath\/implantation-brachiale\/","title":{"rendered":"Brachial Setting-up"},"content":{"rendered":"","protected":false},"excerpt":{"rendered":"","protected":false},"author":1,"featured_media":0,"parent":610,"menu_order":14,"comment_status":"closed","ping_status":"closed","template":"views\/page-produit.blade.php","meta":{"_acf_changed":false,"inline_featured_image":false,"footnotes":""},"class_list":["post-704","page","type-page","status-publish","hentry"],"acf":[],"yoast_head":"<!-- This site is optimized with the Yoast SEO plugin v27.3 - https:\/\/yoast.com\/product\/yoast-seo-wordpress\/ -->\n<title>Implantation Brachiale - Chambres \u00e0 cath\u00e9ter implantable DistricAth\u00ae<\/title>\n<meta name=\"description\" content=\"Chambres \u00e0 cath\u00e9ter implantable 107 et 207 en titane massif forme ultra-profil\u00e9e.\" \/>\n<meta name=\"robots\" content=\"index, follow, max-snippet:-1, max-image-preview:large, max-video-preview:-1\" \/>\n<link rel=\"canonical\" href=\"https:\/\/districlass.com\/en\/produits\/districath\/implantation-brachiale\/\" \/>\n<meta property=\"og:locale\" content=\"en_US\" \/>\n<meta property=\"og:type\" content=\"article\" \/>\n<meta property=\"og:title\" content=\"Implantation Brachiale - Chambres \u00e0 cath\u00e9ter implantable DistricAth\u00ae\" \/>\n<meta property=\"og:description\" content=\"Chambres \u00e0 cath\u00e9ter implantable 107 et 207 en titane massif forme ultra-profil\u00e9e.\" \/>\n<meta property=\"og:url\" content=\"https:\/\/districlass.com\/en\/produits\/districath\/implantation-brachiale\/\" \/>\n<meta property=\"og:site_name\" content=\"Districlass M\u00e9dical\" \/>\n<meta property=\"article:modified_time\" content=\"2025-10-10T00:01:39+00:00\" \/>\n<meta name=\"twitter:card\" content=\"summary_large_image\" \/>\n<script type=\"application\/ld+json\" class=\"yoast-schema-graph\">{\"@context\":\"https:\\\/\\\/schema.org\",\"@graph\":[{\"@type\":\"WebPage\",\"@id\":\"https:\\\/\\\/districlass.com\\\/en\\\/produits\\\/districath\\\/implantation-brachiale\\\/\",\"url\":\"https:\\\/\\\/districlass.com\\\/en\\\/produits\\\/districath\\\/implantation-brachiale\\\/\",\"name\":\"Implantation Brachiale - Chambres \u00e0 cath\u00e9ter implantable DistricAth\u00ae\",\"isPartOf\":{\"@id\":\"https:\\\/\\\/districlass.com\\\/#website\"},\"datePublished\":\"2017-05-02T17:44:45+00:00\",\"dateModified\":\"2025-10-10T00:01:39+00:00\",\"description\":\"Chambres \u00e0 cath\u00e9ter implantable 107 et 207 en titane massif forme ultra-profil\u00e9e.\",\"breadcrumb\":{\"@id\":\"https:\\\/\\\/districlass.com\\\/en\\\/produits\\\/districath\\\/implantation-brachiale\\\/#breadcrumb\"},\"inLanguage\":\"en-US\",\"potentialAction\":[{\"@type\":\"ReadAction\",\"target\":[\"https:\\\/\\\/districlass.com\\\/en\\\/produits\\\/districath\\\/implantation-brachiale\\\/\"]}]},{\"@type\":\"BreadcrumbList\",\"@id\":\"https:\\\/\\\/districlass.com\\\/en\\\/produits\\\/districath\\\/implantation-brachiale\\\/#breadcrumb\",\"itemListElement\":[{\"@type\":\"ListItem\",\"position\":1,\"name\":\"Accueil\",\"item\":\"https:\\\/\\\/districlass.com\\\/en\\\/\"},{\"@type\":\"ListItem\",\"position\":2,\"name\":\"Products\",\"item\":\"https:\\\/\\\/districlass.com\\\/en\\\/produits\\\/\"},{\"@type\":\"ListItem\",\"position\":3,\"name\":\"DistricAth\",\"item\":\"https:\\\/\\\/districlass.com\\\/en\\\/produits\\\/districath\\\/\"},{\"@type\":\"ListItem\",\"position\":4,\"name\":\"Brachial Setting-up\"}]},{\"@type\":\"WebSite\",\"@id\":\"https:\\\/\\\/districlass.com\\\/#website\",\"url\":\"https:\\\/\\\/districlass.com\\\/\",\"name\":\"Districlass M\u00e9dical\",\"description\":\"L&#039;exp\u00e9rience au service de la sant\u00e9\",\"potentialAction\":[{\"@type\":\"SearchAction\",\"target\":{\"@type\":\"EntryPoint\",\"urlTemplate\":\"https:\\\/\\\/districlass.com\\\/?s={search_term_string}\"},\"query-input\":{\"@type\":\"PropertyValueSpecification\",\"valueRequired\":true,\"valueName\":\"search_term_string\"}}],\"inLanguage\":\"en-US\"}]}<\/script>\n<!-- \/ Yoast SEO plugin. -->","yoast_head_json":{"title":"Implantation Brachiale - Chambres \u00e0 cath\u00e9ter implantable DistricAth\u00ae","description":"Chambres \u00e0 cath\u00e9ter implantable 107 et 207 en titane massif forme ultra-profil\u00e9e.","robots":{"index":"index","follow":"follow","max-snippet":"max-snippet:-1","max-image-preview":"max-image-preview:large","max-video-preview":"max-video-preview:-1"},"canonical":"https:\/\/districlass.com\/en\/produits\/districath\/implantation-brachiale\/","og_locale":"en_US","og_type":"article","og_title":"Implantation Brachiale - Chambres \u00e0 cath\u00e9ter implantable DistricAth\u00ae","og_description":"Chambres \u00e0 cath\u00e9ter implantable 107 et 207 en titane massif forme ultra-profil\u00e9e.","og_url":"https:\/\/districlass.com\/en\/produits\/districath\/implantation-brachiale\/","og_site_name":"Districlass M\u00e9dical","article_modified_time":"2025-10-10T00:01:39+00:00","twitter_card":"summary_large_image","schema":{"@context":"https:\/\/schema.org","@graph":[{"@type":"WebPage","@id":"https:\/\/districlass.com\/en\/produits\/districath\/implantation-brachiale\/","url":"https:\/\/districlass.com\/en\/produits\/districath\/implantation-brachiale\/","name":"Implantation Brachiale - Chambres \u00e0 cath\u00e9ter implantable DistricAth\u00ae","isPartOf":{"@id":"https:\/\/districlass.com\/#website"},"datePublished":"2017-05-02T17:44:45+00:00","dateModified":"2025-10-10T00:01:39+00:00","description":"Chambres \u00e0 cath\u00e9ter implantable 107 et 207 en titane massif forme ultra-profil\u00e9e.","breadcrumb":{"@id":"https:\/\/districlass.com\/en\/produits\/districath\/implantation-brachiale\/#breadcrumb"},"inLanguage":"en-US","potentialAction":[{"@type":"ReadAction","target":["https:\/\/districlass.com\/en\/produits\/districath\/implantation-brachiale\/"]}]},{"@type":"BreadcrumbList","@id":"https:\/\/districlass.com\/en\/produits\/districath\/implantation-brachiale\/#breadcrumb","itemListElement":[{"@type":"ListItem","position":1,"name":"Accueil","item":"https:\/\/districlass.com\/en\/"},{"@type":"ListItem","position":2,"name":"Products","item":"https:\/\/districlass.com\/en\/produits\/"},{"@type":"ListItem","position":3,"name":"DistricAth","item":"https:\/\/districlass.com\/en\/produits\/districath\/"},{"@type":"ListItem","position":4,"name":"Brachial Setting-up"}]},{"@type":"WebSite","@id":"https:\/\/districlass.com\/#website","url":"https:\/\/districlass.com\/","name":"Districlass M\u00e9dical","description":"L&#039;exp\u00e9rience au service de la sant\u00e9","potentialAction":[{"@type":"SearchAction","target":{"@type":"EntryPoint","urlTemplate":"https:\/\/districlass.com\/?s={search_term_string}"},"query-input":{"@type":"PropertyValueSpecification","valueRequired":true,"valueName":"search_term_string"}}],"inLanguage":"en-US"}]}},"_links":{"self":[{"href":"https:\/\/districlass.com\/en\/wp-json\/wp\/v2\/pages\/704","targetHints":{"allow":["GET"]}}],"collection":[{"href":"https:\/\/districlass.com\/en\/wp-json\/wp\/v2\/pages"}],"about":[{"href":"https:\/\/districlass.com\/en\/wp-json\/wp\/v2\/types\/page"}],"author":[{"embeddable":true,"href":"https:\/\/districlass.com\/en\/wp-json\/wp\/v2\/users\/1"}],"replies":[{"embeddable":true,"href":"https:\/\/districlass.com\/en\/wp-json\/wp\/v2\/comments?post=704"}],"version-history":[{"count":3,"href":"https:\/\/districlass.com\/en\/wp-json\/wp\/v2\/pages\/704\/revisions"}],"predecessor-version":[{"id":1189,"href":"https:\/\/districlass.com\/en\/wp-json\/wp\/v2\/pages\/704\/revisions\/1189"}],"up":[{"embeddable":true,"href":"https:\/\/districlass.com\/en\/wp-json\/wp\/v2\/pages\/610"}],"wp:attachment":[{"href":"https:\/\/districlass.com\/en\/wp-json\/wp\/v2\/media?parent=704"}],"curies":[{"name":"wp","href":"https:\/\/api.w.org\/{rel}","templated":true}]}}